{"id":509,"date":"2026-03-09T10:26:03","date_gmt":"2026-03-09T09:26:03","guid":{"rendered":"https:\/\/www.otonohm.com\/faq\/"},"modified":"2026-03-17T12:03:26","modified_gmt":"2026-03-17T11:03:26","slug":"faq","status":"publish","type":"page","link":"https:\/\/www.otonohm.com\/de\/faq\/","title":{"rendered":"FAQ"},"content":{"rendered":"\n<div class=\"wp-block-group alignfull has-global-padding is-layout-constrained wp-block-group-is-layout-constrained\" style=\"padding-top:0;padding-bottom:0\">\n<div class=\"wp-block-cover alignfull is-light is-style-default\" style=\"margin-top:0;margin-bottom:0;padding-top:var(--wp--preset--spacing--xl);padding-bottom:var(--wp--preset--spacing--xl);min-height:50px;aspect-ratio:unset;\"><span aria-hidden=\"true\" class=\"wp-block-cover__background has-neutral-200-background-color has-background-dim\"><\/span><div class=\"wp-block-cover__inner-container has-global-padding is-layout-constrained wp-container-core-cover-is-layout-f26b76e4 wp-block-cover-is-layout-constrained\">\n\t<div class=\"has-text-align-center skp-block-breadcrumb wp-block-skp-breadcrumb has-sm-font-size\" id=\"skp-block-breadcrumb-69d9453d8ebcb1.78714539\">\n\t\t\n<nav\tclass=\"breadcrumb\"\n\taria-label=\"Breadcrumbs\">\n\t<ol class=\"breadcrumb__list\">\n\t\t\t\t\t<li class=\"breadcrumb__item\">\n\t\t\t\t\t\t\t\t\t<a href=\"https:\/\/www.otonohm.com\/de\/\" class=\"breadcrumb__link\">\n\t\t\t\t\t\tStartseite\t\t\t\t\t<\/a>\n\t\t\t\t\t\t\t\t\t\t\t\t<\/li>\n\t\t\t<\/ol>\n\n\t<\/nav>\t<\/div>\n\n\n<h1 style=\"text-align: center;\" class=\"has-text-align-center skp-block-primary-title wp-block-skp-primary-title\" id=\"skp-block-primary-title-69d9453d8fd358.14532563\">\n\tFAQ<\/h1>\n<\/div><\/div>\n<\/div>\n\n\n\n<div class=\"wp-block-group alignwide has-global-padding is-layout-constrained wp-block-group-is-layout-constrained\" style=\"margin-top:var(--wp--preset--spacing--xl);margin-bottom:0\">\n<h2 class=\"wp-block-heading alignwide has-text-align-center\"><strong>H\u00e4ufig gestellte Fragen zur Otonohm-Batterie BASECAMP\u00ae<\/strong><\/h2>\n\n\n\n<div class=\"wp-block-columns alignwide is-layout-flex wp-container-core-columns-is-layout-f0628e2c wp-block-columns-is-layout-flex\" style=\"margin-top:var(--wp--preset--spacing--lg);margin-bottom:var(--wp--preset--spacing--lg);padding-bottom:var(--wp--preset--spacing--lg)\">\n<div class=\"wp-block-column is-layout-flow wp-block-column-is-layout-flow\">\n<details class=\"wp-block-details is-layout-flow wp-block-details-is-layout-flow\"><summary>Wie funktioniert Ihre Batterie ohne Ladeger\u00e4t oder Wechselrichter?<\/summary>\n<p>Unsere Batterie ist mit einem geschalteten Batteriemanagementsystem (BMS) ausgestattet. Dieses intelligente System reguliert automatisch Lade- und Entladevorg\u00e4nge, wodurch kein externes Ladeger\u00e4t oder Wechselrichter erforderlich ist. Die Batterie liefert direkt 230 V Strom, sodass Sie Ihre Ger\u00e4te wie an einer normalen Steckdose betreiben k\u00f6nnen. Unsere Batterie mit geschaltetem BMS wurde entwickelt, um die Installation zu vereinfachen. Sie stellt direkt 230 V Strom bereit, ohne dass ein separates Ladeger\u00e4t oder ein Wechselrichter ben\u00f6tigt wird. Dadurch wird das System kompakter und effizienter.<\/p>\n<\/details>\n\n\n\n<details class=\"wp-block-details is-layout-flow wp-block-details-is-layout-flow\"><summary>Kann ich Ihre Batterie verwenden, um Elektrowerkzeuge auf einer Baustelle zu betreiben?<\/summary>\n<p>Absolut! Unsere Batterie ist f\u00fcr anspruchsvolle Anwendungen wie Baustellen ausgelegt. Mit einer Dauerleistung von 7,2 kW und Spitzen bis zu 18 kW kann sie energieintensive Werkzeuge wie Bohrmaschinen, Kreiss\u00e4gen oder auch Scheinwerfer versorgen. Dank ihrer Kapazit\u00e4t von 3,7 kWh k\u00f6nnen Sie mehrere Stunden ohne Unterbrechung arbeiten.<\/p>\n<\/details>\n\n\n\n<details class=\"wp-block-details is-layout-flow wp-block-details-is-layout-flow\"><summary>Ist Ihre Batterie sicher in der Anwendung?<\/summary>\n<p>Ja, absolut. Das integrierte BMS \u00fcberwacht kontinuierlich die Batterieparameter wie Temperatur, Spannung und Stromst\u00e4rke, um \u00dcberladung, \u00dcberhitzung oder andere Anomalien zu verhindern. Dadurch wird ein sicherer Betrieb gew\u00e4hrleistet, selbst unter anspruchsvollen Einsatzbedingungen.<\/p>\n<\/details>\n<\/div>\n\n\n\n<div class=\"wp-block-column is-layout-flow wp-block-column-is-layout-flow\">\n<details class=\"wp-block-details is-layout-flow wp-block-details-is-layout-flow\"><summary>Ist die Batterie leicht zu transportieren?<\/summary>\n<p>Ja, unsere Batterie ist robust und tragbar konzipiert. Sie ist mit ergonomischen Griffen und einem stabilen Geh\u00e4use ausgestattet, was den Transport auf einer Baustelle oder zwischen verschiedenen Einsatzorten erleichtert.<br>Gewicht: 37 kg.<\/p>\n<\/details>\n\n\n\n<details class=\"wp-block-details is-layout-flow wp-block-details-is-layout-flow\"><summary>Ist sie f\u00fcr den Einsatz in Wohngebieten oder l\u00e4rmsensiblen Bereichen geeignet?<\/summary>\n<p>Absolut. BASECAMP\u00ae arbeitet v\u00f6llig ger\u00e4uschlos \u2013 ideal f\u00fcr n\u00e4chtliche Eins\u00e4tze, in Wohngebieten oder auf Filmsets, die eine kontrollierte akustische Umgebung erfordern.<\/p>\n<\/details>\n<\/div>\n<\/div>\n<\/div>\n\n\n\n<div class=\"wp-block-cover alignfull is-style-default\" style=\"margin-top:0;margin-bottom:0;padding-top:0;padding-bottom:0\"><img decoding=\"async\" width=\"1024\" height=\"572\" fetchpriority=\"high\" loading=\"eager\" class=\"wp-block-cover__image-background wp-image-222 size-large\" alt=\"Basecamp sur chantier\" src=\"https:\/\/www.otonohm.com\/wp-inside\/uploads\/sites\/2\/2026\/03\/otonohm_chantier3-1024x572.jpg\" data-object-fit=\"cover\" srcset=\"https:\/\/www.otonohm.com\/wp-inside\/uploads\/sites\/2\/2026\/03\/otonohm_chantier3-1024x572.jpg 1024w, https:\/\/www.otonohm.com\/wp-inside\/uploads\/sites\/2\/2026\/03\/otonohm_chantier3-300x167.jpg 300w, https:\/\/www.otonohm.com\/wp-inside\/uploads\/sites\/2\/2026\/03\/otonohm_chantier3-768x429.jpg 768w, https:\/\/www.otonohm.com\/wp-inside\/uploads\/sites\/2\/2026\/03\/otonohm_chantier3-1536x857.jpg 1536w, https:\/\/www.otonohm.com\/wp-inside\/uploads\/sites\/2\/2026\/03\/otonohm_chantier3-2048x1143.jpg 2048w, https:\/\/www.otonohm.com\/wp-inside\/uploads\/sites\/2\/2026\/03\/otonohm_chantier3-2000x1116.jpg 2000w\" sizes=\"(max-width: 1024px) 100vw, 1024px\" \/><span aria-hidden=\"true\" class=\"wp-block-cover__background has-neutral-950-background-color has-background-dim-30 has-background-dim\"><\/span><div class=\"wp-block-cover__inner-container has-global-padding is-layout-constrained wp-container-core-cover-is-layout-fb17ca7a wp-block-cover-is-layout-constrained\">\n<div class=\"wp-block-group alignwide has-global-padding is-content-justification-center is-layout-constrained wp-container-core-group-is-layout-1d9c797c wp-block-group-is-layout-constrained\" style=\"padding-top:var(--wp--preset--spacing--2-xl);padding-bottom:var(--wp--preset--spacing--2-xl)\">\n<h2 class=\"wp-block-heading has-text-align-center has-neutral-00-color has-text-color has-link-color has-large-font-size wp-elements-5258a1ee2204b87d3537418ade57834d\">M\u00f6chten Sie alle Vorteile der Otonohm-Batterie entdecken?<\/h2>\n\n\n\n<div class=\"wp-block-buttons is-content-justification-center is-layout-flex wp-container-core-buttons-is-layout-38bfdfa7 wp-block-buttons-is-layout-flex\">\n<div class=\"wp-block-button is-style-btn-primary has-dynamic-link has-page-link\"><a href=\"https:\/\/www.otonohm.com\/de\/kontakt\/\" class=\"wp-block-button__link wp-element-button skp-post-link-page-kontakt\">Fordern Sie das technische Datenblatt an<\/a><\/div>\n<\/div>\n<\/div>\n<\/div><\/div>\n\n\n\n<p><\/p>\n","protected":false},"excerpt":{"rendered":"<p>H\u00e4ufig gestellte Fragen zur Otonohm-Batterie BASECAMP\u00ae<\/p>\n","protected":false},"author":3,"featured_media":0,"parent":0,"menu_order":115,"comment_status":"closed","ping_status":"closed","template":"","meta":{"_acf_changed":false,"footnotes":""},"class_list":["post-509","page","type-page","status-publish","hentry"],"acf":[],"yoast_head":"<!-- This site is optimized with the Yoast SEO plugin v27.3 - https:\/\/yoast.com\/product\/yoast-seo-wordpress\/ -->\n<title>FAQ | Otonohm by MovNtec<\/title>\n<meta name=\"description\" content=\"Retrouvez les r\u00e9ponses aux questions fr\u00e9quentes sur Otonohm et la station d\u2019\u00e9nergie portable BASECAMP\u00ae : fonctionnement, usages, autonomie et applications professionnelles.\" \/>\n<meta name=\"robots\" content=\"index, follow, max-snippet:-1, max-image-preview:large, max-video-preview:-1\" \/>\n<link rel=\"canonical\" href=\"https:\/\/www.otonohm.com\/de\/faq\/\" \/>\n<meta property=\"og:locale\" content=\"de_DE\" \/>\n<meta property=\"og:type\" content=\"article\" \/>\n<meta property=\"og:title\" content=\"FAQ\" \/>\n<meta property=\"og:description\" content=\"Retrouvez les r\u00e9ponses aux questions fr\u00e9quentes sur Otonohm et la station d\u2019\u00e9nergie portable BASECAMP\u00ae : fonctionnement, usages, autonomie et applications professionnelles.\" \/>\n<meta property=\"og:url\" content=\"https:\/\/www.otonohm.com\/de\/faq\/\" \/>\n<meta property=\"og:site_name\" content=\"Otonohm by MovNtec\" \/>\n<meta property=\"article:modified_time\" content=\"2026-03-17T11:03:26+00:00\" \/>\n<meta property=\"og:image\" content=\"https:\/\/www.otonohm.com\/wp-inside\/uploads\/sites\/2\/2026\/03\/otonohm_chantier3-1024x572.jpg\" \/>\n<meta name=\"twitter:card\" content=\"summary_large_image\" \/>\n<meta name=\"twitter:label1\" content=\"Gesch\u00e4tzte Lesezeit\" \/>\n\t<meta name=\"twitter:data1\" content=\"1\u00a0Minute\" \/>\n<script type=\"application\/ld+json\" class=\"yoast-schema-graph\">{\"@context\":\"https:\\\/\\\/schema.org\",\"@graph\":[{\"@type\":\"WebPage\",\"@id\":\"https:\\\/\\\/www.otonohm.com\\\/de\\\/faq\\\/\",\"url\":\"https:\\\/\\\/www.otonohm.com\\\/de\\\/faq\\\/\",\"name\":\"FAQ\",\"isPartOf\":{\"@id\":\"https:\\\/\\\/www.otonohm.com\\\/de\\\/#website\"},\"primaryImageOfPage\":{\"@id\":\"https:\\\/\\\/www.otonohm.com\\\/de\\\/faq\\\/#primaryimage\"},\"image\":{\"@id\":\"https:\\\/\\\/www.otonohm.com\\\/de\\\/faq\\\/#primaryimage\"},\"thumbnailUrl\":\"https:\\\/\\\/www.otonohm.com\\\/wp-inside\\\/uploads\\\/sites\\\/2\\\/2026\\\/03\\\/otonohm_chantier3-1024x572.jpg\",\"datePublished\":\"2026-03-09T09:26:03+00:00\",\"dateModified\":\"2026-03-17T11:03:26+00:00\",\"description\":\"Retrouvez les r\u00e9ponses aux questions fr\u00e9quentes sur Otonohm et la station d\u2019\u00e9nergie portable BASECAMP\u00ae : fonctionnement, usages, autonomie et applications professionnelles.\",\"breadcrumb\":{\"@id\":\"https:\\\/\\\/www.otonohm.com\\\/de\\\/faq\\\/#breadcrumb\"},\"inLanguage\":\"de\",\"potentialAction\":[{\"@type\":\"ReadAction\",\"target\":[\"https:\\\/\\\/www.otonohm.com\\\/de\\\/faq\\\/\"]}]},{\"@type\":\"ImageObject\",\"inLanguage\":\"de\",\"@id\":\"https:\\\/\\\/www.otonohm.com\\\/de\\\/faq\\\/#primaryimage\",\"url\":\"https:\\\/\\\/www.otonohm.com\\\/wp-inside\\\/uploads\\\/sites\\\/2\\\/2026\\\/03\\\/otonohm_chantier3-1024x572.jpg\",\"contentUrl\":\"https:\\\/\\\/www.otonohm.com\\\/wp-inside\\\/uploads\\\/sites\\\/2\\\/2026\\\/03\\\/otonohm_chantier3-1024x572.jpg\"},{\"@type\":\"BreadcrumbList\",\"@id\":\"https:\\\/\\\/www.otonohm.com\\\/de\\\/faq\\\/#breadcrumb\",\"itemListElement\":[{\"@type\":\"ListItem\",\"position\":1,\"name\":\"Startseite\",\"item\":\"https:\\\/\\\/www.otonohm.com\\\/de\\\/\"},{\"@type\":\"ListItem\",\"position\":2,\"name\":\"FAQ\"}]},{\"@type\":\"WebSite\",\"@id\":\"https:\\\/\\\/www.otonohm.com\\\/de\\\/#website\",\"url\":\"https:\\\/\\\/www.otonohm.com\\\/de\\\/\",\"name\":\"Otonohm by MovNtec\",\"description\":\"Station d&#039;\u00e9nergie portative\",\"publisher\":{\"@id\":\"https:\\\/\\\/www.otonohm.com\\\/de\\\/#organization\"},\"alternateName\":\"Otonohm\",\"potentialAction\":[{\"@type\":\"SearchAction\",\"target\":{\"@type\":\"EntryPoint\",\"urlTemplate\":\"https:\\\/\\\/www.otonohm.com\\\/de\\\/?s={search_term_string}\"},\"query-input\":{\"@type\":\"PropertyValueSpecification\",\"valueRequired\":true,\"valueName\":\"search_term_string\"}}],\"inLanguage\":\"de\"},{\"@type\":\"Organization\",\"@id\":\"https:\\\/\\\/www.otonohm.com\\\/de\\\/#organization\",\"name\":\"Otonohm by MovNtec\",\"alternateName\":\"Otonohm\",\"url\":\"https:\\\/\\\/www.otonohm.com\\\/de\\\/\",\"logo\":{\"@type\":\"ImageObject\",\"inLanguage\":\"de\",\"@id\":\"https:\\\/\\\/www.otonohm.com\\\/de\\\/#\\\/schema\\\/logo\\\/image\\\/\",\"url\":\"https:\\\/\\\/www.otonohm.com\\\/wp-inside\\\/uploads\\\/sites\\\/2\\\/2026\\\/03\\\/logo-entity-otonohm.png\",\"contentUrl\":\"https:\\\/\\\/www.otonohm.com\\\/wp-inside\\\/uploads\\\/sites\\\/2\\\/2026\\\/03\\\/logo-entity-otonohm.png\",\"width\":696,\"height\":696,\"caption\":\"Otonohm by MovNtec\"},\"image\":{\"@id\":\"https:\\\/\\\/www.otonohm.com\\\/de\\\/#\\\/schema\\\/logo\\\/image\\\/\"},\"sameAs\":[\"https:\\\/\\\/www.linkedin.com\\\/company\\\/otonohm\\\/\"]}]}<\/script>\n<!-- \/ Yoast SEO plugin. -->","yoast_head_json":{"title":"FAQ | Otonohm by MovNtec","description":"Retrouvez les r\u00e9ponses aux questions fr\u00e9quentes sur Otonohm et la station d\u2019\u00e9nergie portable BASECAMP\u00ae : fonctionnement, usages, autonomie et applications professionnelles.","robots":{"index":"index","follow":"follow","max-snippet":"max-snippet:-1","max-image-preview":"max-image-preview:large","max-video-preview":"max-video-preview:-1"},"canonical":"https:\/\/www.otonohm.com\/de\/faq\/","og_locale":"de_DE","og_type":"article","og_title":"FAQ","og_description":"Retrouvez les r\u00e9ponses aux questions fr\u00e9quentes sur Otonohm et la station d\u2019\u00e9nergie portable BASECAMP\u00ae : fonctionnement, usages, autonomie et applications professionnelles.","og_url":"https:\/\/www.otonohm.com\/de\/faq\/","og_site_name":"Otonohm by MovNtec","article_modified_time":"2026-03-17T11:03:26+00:00","og_image":[{"url":"https:\/\/www.otonohm.com\/wp-inside\/uploads\/sites\/2\/2026\/03\/otonohm_chantier3-1024x572.jpg","type":"","width":"","height":""}],"twitter_card":"summary_large_image","twitter_misc":{"Gesch\u00e4tzte Lesezeit":"1\u00a0Minute"},"schema":{"@context":"https:\/\/schema.org","@graph":[{"@type":"WebPage","@id":"https:\/\/www.otonohm.com\/de\/faq\/","url":"https:\/\/www.otonohm.com\/de\/faq\/","name":"FAQ","isPartOf":{"@id":"https:\/\/www.otonohm.com\/de\/#website"},"primaryImageOfPage":{"@id":"https:\/\/www.otonohm.com\/de\/faq\/#primaryimage"},"image":{"@id":"https:\/\/www.otonohm.com\/de\/faq\/#primaryimage"},"thumbnailUrl":"https:\/\/www.otonohm.com\/wp-inside\/uploads\/sites\/2\/2026\/03\/otonohm_chantier3-1024x572.jpg","datePublished":"2026-03-09T09:26:03+00:00","dateModified":"2026-03-17T11:03:26+00:00","description":"Retrouvez les r\u00e9ponses aux questions fr\u00e9quentes sur Otonohm et la station d\u2019\u00e9nergie portable BASECAMP\u00ae : fonctionnement, usages, autonomie et applications professionnelles.","breadcrumb":{"@id":"https:\/\/www.otonohm.com\/de\/faq\/#breadcrumb"},"inLanguage":"de","potentialAction":[{"@type":"ReadAction","target":["https:\/\/www.otonohm.com\/de\/faq\/"]}]},{"@type":"ImageObject","inLanguage":"de","@id":"https:\/\/www.otonohm.com\/de\/faq\/#primaryimage","url":"https:\/\/www.otonohm.com\/wp-inside\/uploads\/sites\/2\/2026\/03\/otonohm_chantier3-1024x572.jpg","contentUrl":"https:\/\/www.otonohm.com\/wp-inside\/uploads\/sites\/2\/2026\/03\/otonohm_chantier3-1024x572.jpg"},{"@type":"BreadcrumbList","@id":"https:\/\/www.otonohm.com\/de\/faq\/#breadcrumb","itemListElement":[{"@type":"ListItem","position":1,"name":"Startseite","item":"https:\/\/www.otonohm.com\/de\/"},{"@type":"ListItem","position":2,"name":"FAQ"}]},{"@type":"WebSite","@id":"https:\/\/www.otonohm.com\/de\/#website","url":"https:\/\/www.otonohm.com\/de\/","name":"Otonohm by MovNtec","description":"Station d&#039;\u00e9nergie portative","publisher":{"@id":"https:\/\/www.otonohm.com\/de\/#organization"},"alternateName":"Otonohm","potentialAction":[{"@type":"SearchAction","target":{"@type":"EntryPoint","urlTemplate":"https:\/\/www.otonohm.com\/de\/?s={search_term_string}"},"query-input":{"@type":"PropertyValueSpecification","valueRequired":true,"valueName":"search_term_string"}}],"inLanguage":"de"},{"@type":"Organization","@id":"https:\/\/www.otonohm.com\/de\/#organization","name":"Otonohm by MovNtec","alternateName":"Otonohm","url":"https:\/\/www.otonohm.com\/de\/","logo":{"@type":"ImageObject","inLanguage":"de","@id":"https:\/\/www.otonohm.com\/de\/#\/schema\/logo\/image\/","url":"https:\/\/www.otonohm.com\/wp-inside\/uploads\/sites\/2\/2026\/03\/logo-entity-otonohm.png","contentUrl":"https:\/\/www.otonohm.com\/wp-inside\/uploads\/sites\/2\/2026\/03\/logo-entity-otonohm.png","width":696,"height":696,"caption":"Otonohm by MovNtec"},"image":{"@id":"https:\/\/www.otonohm.com\/de\/#\/schema\/logo\/image\/"},"sameAs":["https:\/\/www.linkedin.com\/company\/otonohm\/"]}]}},"_links":{"self":[{"href":"https:\/\/www.otonohm.com\/de\/wp-json\/wp\/v2\/pages\/509","targetHints":{"allow":["GET"]}}],"collection":[{"href":"https:\/\/www.otonohm.com\/de\/wp-json\/wp\/v2\/pages"}],"about":[{"href":"https:\/\/www.otonohm.com\/de\/wp-json\/wp\/v2\/types\/page"}],"author":[{"embeddable":true,"href":"https:\/\/www.otonohm.com\/de\/wp-json\/wp\/v2\/users\/3"}],"replies":[{"embeddable":true,"href":"https:\/\/www.otonohm.com\/de\/wp-json\/wp\/v2\/comments?post=509"}],"version-history":[{"count":9,"href":"https:\/\/www.otonohm.com\/de\/wp-json\/wp\/v2\/pages\/509\/revisions"}],"predecessor-version":[{"id":2092,"href":"https:\/\/www.otonohm.com\/de\/wp-json\/wp\/v2\/pages\/509\/revisions\/2092"}],"wp:attachment":[{"href":"https:\/\/www.otonohm.com\/de\/wp-json\/wp\/v2\/media?parent=509"}],"curies":[{"name":"wp","href":"https:\/\/api.w.org\/{rel}","templated":true}]}}