{"id":445,"date":"2026-03-09T10:22:36","date_gmt":"2026-03-09T09:22:36","guid":{"rendered":"https:\/\/www.otonohm.com\/a-propos\/"},"modified":"2026-03-17T15:52:01","modified_gmt":"2026-03-17T14:52:01","slug":"ueber-uns","status":"publish","type":"page","link":"https:\/\/www.otonohm.com\/de\/ueber-uns\/","title":{"rendered":"\u00dcber uns"},"content":{"rendered":"\n<div class=\"wp-block-group alignfull has-global-padding is-layout-constrained wp-block-group-is-layout-constrained\" style=\"margin-top:0;padding-top:0;padding-bottom:0\">\n<div class=\"wp-block-cover alignfull is-light is-style-default\" style=\"margin-top:0;margin-bottom:0;padding-top:var(--wp--preset--spacing--xl);padding-bottom:var(--wp--preset--spacing--xl);min-height:50px;aspect-ratio:unset;\"><span aria-hidden=\"true\" class=\"wp-block-cover__background has-neutral-200-background-color has-background-dim-100 has-background-dim\"><\/span><div class=\"wp-block-cover__inner-container has-global-padding is-layout-constrained wp-container-core-cover-is-layout-f26b76e4 wp-block-cover-is-layout-constrained\">\n\t<div class=\"alignwide has-text-align-center skp-block-breadcrumb alignwide wp-block-skp-breadcrumb has-sm-font-size\" id=\"skp-block-breadcrumb-69d932b04531c6.65195337\">\n\t\t\n<nav\tclass=\"breadcrumb\"\n\taria-label=\"Breadcrumbs\">\n\t<ol class=\"breadcrumb__list\">\n\t\t\t\t\t<li class=\"breadcrumb__item\">\n\t\t\t\t\t\t\t\t\t<a href=\"https:\/\/www.otonohm.com\/de\/\" class=\"breadcrumb__link\">\n\t\t\t\t\t\tStartseite\t\t\t\t\t<\/a>\n\t\t\t\t\t\t\t\t\t\t\t\t<\/li>\n\t\t\t<\/ol>\n\n\t<\/nav>\t<\/div>\n\n\n\n<div class=\"wp-block-group alignwide is-style-group-mw-1000 is-layout-flow wp-block-group-is-layout-flow\"><h1 style=\"text-align: center;\" class=\"alignwide has-text-align-center skp-block-primary-title alignwide  wp-block-skp-primary-title\" id=\"skp-block-primary-title-69d932b048e2b5.24649715\">\n\tAlles \u00fcber <mark class=\"skp-textformat--highlight\">Otonohm<\/mark><\/h1>\n\n\n\n<p class=\"has-text-align-center\">Otonohm ist ein franz\u00f6sisches Industrieunternehmen, das auf die Entwicklung leistungsstarker und nachhaltiger mobiler Energiel\u00f6sungen spezialisiert ist.<\/p>\n\n\n\n<p class=\"has-text-align-center\">Als Tochtergesellschaft der MovNtec-Gruppe entwickelt und vermarktet Otonohm innovative tragbare Energiestationen, die f\u00fcr anspruchsvolle professionelle Einsatzbereiche konzipiert sind: Baustellen, Notfalleins\u00e4tze, audiovisuelle Produktionen, Veranstaltungen \u2026<\/p>\n\n\n\n<p class=\"has-text-align-center\">Unsere Mission: thermische Stromgeneratoren durch saubere, leisere und leistungsf\u00e4higere elektrische L\u00f6sungen ersetzen.<\/p>\n\n\n\n<p class=\"has-text-align-center\">Dank unserer patentierten Technologie des geschalteten BMS erweitern wir die traditionellen Standards tragbarer Batterien in Bezug auf Autonomie, Lebensdauer und Kompaktheit.<\/p>\n<\/div>\n<\/div><\/div>\n<\/div>\n\n\n\n<div class=\"wp-block-group alignfull has-neutral-00-background-color has-background is-layout-flow wp-block-group-is-layout-flow\" style=\"margin-top:var(--wp--preset--spacing--lg);margin-bottom:var(--wp--preset--spacing--xl);padding-top:0;padding-bottom:0\">\n<div class=\"wp-block-group has-global-padding is-layout-constrained wp-block-group-is-layout-constrained\">\n<div class=\"wp-block-columns alignwide are-vertically-aligned-center is-layout-flex wp-container-core-columns-is-layout-263f2fc6 wp-block-columns-is-layout-flex\">\n<div class=\"wp-block-column is-vertically-aligned-center is-layout-flow wp-block-column-is-layout-flow\">\n<h2 class=\"wp-block-heading is-style-default\"><br><strong>Otonohm: Technologische Expertise f\u00fcr mobile Energie<\/strong><\/h2>\n\n\n\n<p>Otonohm st\u00fctzt sich auf ein <strong>Team spezialisierter Ingenieure f\u00fcr Elektronik und eingebettete Systeme<\/strong>, um <strong>leistungsstarke Energiel\u00f6sungen<\/strong> zu entwickeln.<\/p>\n\n\n\n<p>Unsere <strong>Technologie des geschalteten BMS<\/strong> erm\u00f6glicht:<\/p>\n\n\n\n<ul class=\"wp-block-list\">\n<li>Optimierung der Lebensdauer der Zellen<\/li>\n\n\n\n<li>Bessere Bew\u00e4ltigung von Leistungsspitzen<\/li>\n\n\n\n<li>Effizientere Aufladung<\/li>\n\n\n\n<li>Kompaktere und reparierbare Konstruktion<\/li>\n<\/ul>\n\n\n\n<p>Wir entwickeln Produkte, die an die realen Anforderungen im Einsatz angepasst sind, in enger Zusammenarbeit mit den professionellen Anwendern.<\/p>\n<\/div>\n\n\n\n<div class=\"wp-block-column is-vertically-aligned-center is-layout-flow wp-container-core-column-is-layout-86b72393 wp-block-column-is-layout-flow\">\n<figure class=\"wp-block-image size-large\"><img decoding=\"async\" width=\"1024\" height=\"683\" src=\"https:\/\/www.otonohm.com\/wp-inside\/uploads\/sites\/2\/2026\/03\/23-1024x683.jpg\" alt=\"\" class=\"wp-image-232\" srcset=\"https:\/\/www.otonohm.com\/wp-inside\/uploads\/sites\/2\/2026\/03\/23-1024x683.jpg 1024w, https:\/\/www.otonohm.com\/wp-inside\/uploads\/sites\/2\/2026\/03\/23-300x200.jpg 300w, https:\/\/www.otonohm.com\/wp-inside\/uploads\/sites\/2\/2026\/03\/23-768x512.jpg 768w, https:\/\/www.otonohm.com\/wp-inside\/uploads\/sites\/2\/2026\/03\/23-1536x1024.jpg 1536w, https:\/\/www.otonohm.com\/wp-inside\/uploads\/sites\/2\/2026\/03\/23-2048x1366.jpg 2048w, https:\/\/www.otonohm.com\/wp-inside\/uploads\/sites\/2\/2026\/03\/23-2000x1334.jpg 2000w\" sizes=\"(max-width: 1024px) 100vw, 1024px\" \/><\/figure>\n<\/div>\n<\/div>\n<\/div>\n<\/div>\n\n\n\n<div class=\"wp-block-group alignfull home-section-withdecoration has-global-padding is-layout-constrained wp-block-group-is-layout-constrained\">\n<div class=\"wp-block-group alignfull is-layout-flow wp-block-group-is-layout-flow\" style=\"margin-top:0;margin-bottom:0\">\n<div class=\"wp-block-group has-global-padding is-layout-constrained wp-block-group-is-layout-constrained\" style=\"margin-top:var(--wp--preset--spacing--lg);margin-bottom:var(--wp--preset--spacing--lg)\">\n<div class=\"wp-block-columns alignwide is-layout-flex wp-container-core-columns-is-layout-bcd47468 wp-block-columns-is-layout-flex\">\n<div class=\"wp-block-column is-vertically-aligned-center is-layout-flow wp-container-core-column-is-layout-86b72393 wp-block-column-is-layout-flow\">\n<figure class=\"wp-block-image size-full is-style-default is-deco-top-left\"><img decoding=\"async\" src=\"https:\/\/www.movntec.com\/wp-inside\/uploads\/2026\/02\/movntec-service-industrialisation-assemblage.jpg\" alt=\"Movntec service d'industrialisation et assemblage\" class=\"wp-image-712\" style=\"aspect-ratio:16\/9;object-fit:cover\"\/><\/figure>\n<\/div>\n\n\n\n<div class=\"wp-block-column is-vertically-aligned-center is-layout-flow wp-container-core-column-is-layout-86b72393 wp-block-column-is-layout-flow\">\n<h2 class=\"wp-block-heading has-text-align-left\">MovNtec Group \u2013 Ideen in nachhaltige <mark class=\"skp-textformat--highlight\">Realit\u00e4t verwandeln<\/mark><\/h2>\n\n\n\n<p class=\"has-text-align-left\">Die MovNtec Group verfolgt das Ziel, den \u00dcbergang zu einer nachhaltigeren, souver\u00e4nen und leistungsf\u00e4higen europ\u00e4ischen Industrie zu beschleunigen \u2013 durch die Verbindung von industrieller Exzellenz und elektrischer Innovation.<\/p>\n\n\n\n<p class=\"has-text-align-left\"><strong>Unsere Vision:<\/strong><br>Bis 2030 ein zentraler Akteur der verantwortungsvollen Industrie in Europa zu werden, der in der Lage ist, nachhaltige, lokale und souver\u00e4ne elektrische L\u00f6sungen zu industrialisieren und anzubieten.<\/p>\n<\/div>\n<\/div>\n<\/div>\n<\/div>\n\n\n\n<div class=\"wp-block-group alignfull has-global-padding is-layout-constrained wp-block-group-is-layout-constrained\" style=\"margin-top:0;margin-bottom:var(--wp--preset--spacing--md);padding-top:var(--wp--preset--spacing--lg);padding-bottom:var(--wp--preset--spacing--lg)\">\n<p class=\"has-text-align-center is-style-h3 is-style-h3--1\">Die MovNtec Group besteht aus drei Unternehmen: <mark class=\"skp-textformat--highlight\">MovNtec, Otonohm und MovNtec Mobility.<\/mark><\/p>\n\n\n\n<div class=\"wp-block-columns alignwide is-layout-flex wp-container-core-columns-is-layout-28f84493 wp-block-columns-is-layout-flex\">\n<div class=\"wp-block-column is-layout-flow wp-block-column-is-layout-flow\">\n<p><strong>Galibot<\/strong> ist unser 100 % elektrisches, f\u00fchrerscheinfreies Nutzfahrzeug f\u00fcr Kommunen, Parks und Freizeitgel\u00e4nde, Campingpl\u00e4tze sowie gro\u00dfe Industrieareale. Ein einzigartiges elektrisches Mobilit\u00e4tswerkzeug.<\/p>\n\n\n\n<div class=\"wp-block-buttons is-layout-flex wp-block-buttons-is-layout-flex\">\n<div class=\"wp-block-button is-style-btn-secondary\"><a class=\"wp-block-button__link wp-element-button\" href=\"https:\/\/www.le-galibot.com\/\" target=\"_blank\" rel=\"noreferrer noopener\">Galibot entdecken<\/a><\/div>\n<\/div>\n<\/div>\n\n\n\n<div class=\"wp-block-column is-layout-flow wp-block-column-is-layout-flow\">\n<p><strong>MovNtec <\/strong>ist die industrielle Einheit der MovNtec-Gruppe, spezialisiert auf die Industrialisierung und Montage technischer Produkte. Dank einer vollst\u00e4ndigen Wertsch\u00f6pfungskette (von Co-Design und Prototyping bis hin zu Produktion, Tests und Logistik) begleitet das Unternehmen die Umsetzung technologischer Innovationen in zuverl\u00e4ssige und leistungsf\u00e4hige Industrieprodukte.<\/p>\n\n\n\n<div class=\"wp-block-buttons is-layout-flex wp-block-buttons-is-layout-flex\">\n<div class=\"wp-block-button is-style-btn-secondary\"><a class=\"wp-block-button__link wp-element-button\" href=\"http:\/\/www.movntec.com\">MovNtec entdecken<\/a><\/div>\n<\/div>\n<\/div>\n\n\n\n<div class=\"wp-block-column is-layout-flow wp-block-column-is-layout-flow\">\n<p>Der <strong>HeSy-Antriebsstrang<\/strong>, dessen zentrale Komponente der Motor ist, bietet eine leistungsstarke und nachhaltige L\u00f6sung f\u00fcr alle mobilen Anwendungen. Ohne den Einsatz seltener Erden konzipiert \u2013 aus Gr\u00fcnden der Nachhaltigkeit und Souver\u00e4nit\u00e4t \u2013 erreicht die MovNtec-Motorenreihe einen Wirkungsgrad von \u00fcber 90 % \u00fcber nahezu den gesamten Betriebsbereich und \u00fcber 94 % in weiten Teilen davon.<\/p>\n<\/div>\n<\/div>\n<\/div>\n<\/div>\n","protected":false},"excerpt":{"rendered":"<p>Otonohm: Technologische Expertise f\u00fcr mobile Energie Otonohm st\u00fctzt sich auf ein Team spezialisierter Ingenieure f\u00fcr Elektronik und eingebettete Systeme, um leistungsstarke Energiel\u00f6sungen zu entwickeln. Unsere Technologie des geschalteten BMS erm\u00f6glicht: Wir entwickeln Produkte, die an die realen Anforderungen im Einsatz angepasst sind, in enger Zusammenarbeit mit den professionellen Anwendern. MovNtec Group \u2013 Ideen in nachhaltige [&hellip;]<\/p>\n","protected":false},"author":3,"featured_media":0,"parent":0,"menu_order":40,"comment_status":"closed","ping_status":"closed","template":"","meta":{"_acf_changed":false,"footnotes":""},"class_list":["post-445","page","type-page","status-publish","hentry"],"acf":[],"yoast_head":"<!-- This site is optimized with the Yoast SEO plugin v27.3 - https:\/\/yoast.com\/product\/yoast-seo-wordpress\/ -->\n<title>Alles \u00fcber Otonohm \u2013 Innovative tragbare Energiestation | Otonohm by MovNtec<\/title>\n<meta name=\"description\" content=\"Entdecken Sie Otonohm, eine Tochtergesellschaft der MovNtec-Gruppe, spezialisiert auf innovative tragbare Energiestationen f\u00fcr anspruchsvolle professionelle Anwendungen\" \/>\n<meta name=\"robots\" content=\"index, follow, max-snippet:-1, max-image-preview:large, max-video-preview:-1\" \/>\n<link rel=\"canonical\" href=\"https:\/\/www.otonohm.com\/de\/ueber-uns\/\" \/>\n<meta property=\"og:locale\" content=\"de_DE\" \/>\n<meta property=\"og:type\" content=\"article\" \/>\n<meta property=\"og:title\" content=\"Alles \u00fcber Otonohm \u2013 Innovative tragbare Energiestation\" \/>\n<meta property=\"og:description\" content=\"Entdecken Sie Otonohm, eine Tochtergesellschaft der MovNtec-Gruppe, spezialisiert auf innovative tragbare Energiestationen f\u00fcr anspruchsvolle professionelle Anwendungen\" \/>\n<meta property=\"og:url\" content=\"https:\/\/www.otonohm.com\/de\/ueber-uns\/\" \/>\n<meta property=\"og:site_name\" content=\"Otonohm by MovNtec\" \/>\n<meta property=\"article:modified_time\" content=\"2026-03-17T14:52:01+00:00\" \/>\n<meta property=\"og:image\" content=\"https:\/\/www.otonohm.com\/wp-inside\/uploads\/sites\/2\/2026\/03\/23-1024x683.jpg\" \/>\n<meta name=\"twitter:card\" content=\"summary_large_image\" \/>\n<meta name=\"twitter:label1\" content=\"Gesch\u00e4tzte Lesezeit\" \/>\n\t<meta name=\"twitter:data1\" content=\"2\u00a0Minuten\" \/>\n<script type=\"application\/ld+json\" class=\"yoast-schema-graph\">{\"@context\":\"https:\\\/\\\/schema.org\",\"@graph\":[{\"@type\":\"WebPage\",\"@id\":\"https:\\\/\\\/www.otonohm.com\\\/de\\\/ueber-uns\\\/\",\"url\":\"https:\\\/\\\/www.otonohm.com\\\/de\\\/ueber-uns\\\/\",\"name\":\"Alles \u00fcber Otonohm \u2013 Innovative tragbare Energiestation\",\"isPartOf\":{\"@id\":\"https:\\\/\\\/www.otonohm.com\\\/de\\\/#website\"},\"primaryImageOfPage\":{\"@id\":\"https:\\\/\\\/www.otonohm.com\\\/de\\\/ueber-uns\\\/#primaryimage\"},\"image\":{\"@id\":\"https:\\\/\\\/www.otonohm.com\\\/de\\\/ueber-uns\\\/#primaryimage\"},\"thumbnailUrl\":\"https:\\\/\\\/www.otonohm.com\\\/wp-inside\\\/uploads\\\/sites\\\/2\\\/2026\\\/03\\\/23-1024x683.jpg\",\"datePublished\":\"2026-03-09T09:22:36+00:00\",\"dateModified\":\"2026-03-17T14:52:01+00:00\",\"description\":\"Entdecken Sie Otonohm, eine Tochtergesellschaft der MovNtec-Gruppe, spezialisiert auf innovative tragbare Energiestationen f\u00fcr anspruchsvolle professionelle Anwendungen\",\"breadcrumb\":{\"@id\":\"https:\\\/\\\/www.otonohm.com\\\/de\\\/ueber-uns\\\/#breadcrumb\"},\"inLanguage\":\"de\",\"potentialAction\":[{\"@type\":\"ReadAction\",\"target\":[\"https:\\\/\\\/www.otonohm.com\\\/de\\\/ueber-uns\\\/\"]}]},{\"@type\":\"ImageObject\",\"inLanguage\":\"de\",\"@id\":\"https:\\\/\\\/www.otonohm.com\\\/de\\\/ueber-uns\\\/#primaryimage\",\"url\":\"https:\\\/\\\/www.otonohm.com\\\/wp-inside\\\/uploads\\\/sites\\\/2\\\/2026\\\/03\\\/23-1024x683.jpg\",\"contentUrl\":\"https:\\\/\\\/www.otonohm.com\\\/wp-inside\\\/uploads\\\/sites\\\/2\\\/2026\\\/03\\\/23-1024x683.jpg\"},{\"@type\":\"BreadcrumbList\",\"@id\":\"https:\\\/\\\/www.otonohm.com\\\/de\\\/ueber-uns\\\/#breadcrumb\",\"itemListElement\":[{\"@type\":\"ListItem\",\"position\":1,\"name\":\"Startseite\",\"item\":\"https:\\\/\\\/www.otonohm.com\\\/de\\\/\"},{\"@type\":\"ListItem\",\"position\":2,\"name\":\"\u00dcber uns\"}]},{\"@type\":\"WebSite\",\"@id\":\"https:\\\/\\\/www.otonohm.com\\\/de\\\/#website\",\"url\":\"https:\\\/\\\/www.otonohm.com\\\/de\\\/\",\"name\":\"Otonohm by MovNtec\",\"description\":\"Station d&#039;\u00e9nergie portative\",\"publisher\":{\"@id\":\"https:\\\/\\\/www.otonohm.com\\\/de\\\/#organization\"},\"alternateName\":\"Otonohm\",\"potentialAction\":[{\"@type\":\"SearchAction\",\"target\":{\"@type\":\"EntryPoint\",\"urlTemplate\":\"https:\\\/\\\/www.otonohm.com\\\/de\\\/?s={search_term_string}\"},\"query-input\":{\"@type\":\"PropertyValueSpecification\",\"valueRequired\":true,\"valueName\":\"search_term_string\"}}],\"inLanguage\":\"de\"},{\"@type\":\"Organization\",\"@id\":\"https:\\\/\\\/www.otonohm.com\\\/de\\\/#organization\",\"name\":\"Otonohm by MovNtec\",\"alternateName\":\"Otonohm\",\"url\":\"https:\\\/\\\/www.otonohm.com\\\/de\\\/\",\"logo\":{\"@type\":\"ImageObject\",\"inLanguage\":\"de\",\"@id\":\"https:\\\/\\\/www.otonohm.com\\\/de\\\/#\\\/schema\\\/logo\\\/image\\\/\",\"url\":\"https:\\\/\\\/www.otonohm.com\\\/wp-inside\\\/uploads\\\/sites\\\/2\\\/2026\\\/03\\\/logo-entity-otonohm.png\",\"contentUrl\":\"https:\\\/\\\/www.otonohm.com\\\/wp-inside\\\/uploads\\\/sites\\\/2\\\/2026\\\/03\\\/logo-entity-otonohm.png\",\"width\":696,\"height\":696,\"caption\":\"Otonohm by MovNtec\"},\"image\":{\"@id\":\"https:\\\/\\\/www.otonohm.com\\\/de\\\/#\\\/schema\\\/logo\\\/image\\\/\"},\"sameAs\":[\"https:\\\/\\\/www.linkedin.com\\\/company\\\/otonohm\\\/\"]}]}<\/script>\n<!-- \/ Yoast SEO plugin. -->","yoast_head_json":{"title":"Alles \u00fcber Otonohm \u2013 Innovative tragbare Energiestation | Otonohm by MovNtec","description":"Entdecken Sie Otonohm, eine Tochtergesellschaft der MovNtec-Gruppe, spezialisiert auf innovative tragbare Energiestationen f\u00fcr anspruchsvolle professionelle Anwendungen","robots":{"index":"index","follow":"follow","max-snippet":"max-snippet:-1","max-image-preview":"max-image-preview:large","max-video-preview":"max-video-preview:-1"},"canonical":"https:\/\/www.otonohm.com\/de\/ueber-uns\/","og_locale":"de_DE","og_type":"article","og_title":"Alles \u00fcber Otonohm \u2013 Innovative tragbare Energiestation","og_description":"Entdecken Sie Otonohm, eine Tochtergesellschaft der MovNtec-Gruppe, spezialisiert auf innovative tragbare Energiestationen f\u00fcr anspruchsvolle professionelle Anwendungen","og_url":"https:\/\/www.otonohm.com\/de\/ueber-uns\/","og_site_name":"Otonohm by MovNtec","article_modified_time":"2026-03-17T14:52:01+00:00","og_image":[{"url":"https:\/\/www.otonohm.com\/wp-inside\/uploads\/sites\/2\/2026\/03\/23-1024x683.jpg","type":"","width":"","height":""}],"twitter_card":"summary_large_image","twitter_misc":{"Gesch\u00e4tzte Lesezeit":"2\u00a0Minuten"},"schema":{"@context":"https:\/\/schema.org","@graph":[{"@type":"WebPage","@id":"https:\/\/www.otonohm.com\/de\/ueber-uns\/","url":"https:\/\/www.otonohm.com\/de\/ueber-uns\/","name":"Alles \u00fcber Otonohm \u2013 Innovative tragbare Energiestation","isPartOf":{"@id":"https:\/\/www.otonohm.com\/de\/#website"},"primaryImageOfPage":{"@id":"https:\/\/www.otonohm.com\/de\/ueber-uns\/#primaryimage"},"image":{"@id":"https:\/\/www.otonohm.com\/de\/ueber-uns\/#primaryimage"},"thumbnailUrl":"https:\/\/www.otonohm.com\/wp-inside\/uploads\/sites\/2\/2026\/03\/23-1024x683.jpg","datePublished":"2026-03-09T09:22:36+00:00","dateModified":"2026-03-17T14:52:01+00:00","description":"Entdecken Sie Otonohm, eine Tochtergesellschaft der MovNtec-Gruppe, spezialisiert auf innovative tragbare Energiestationen f\u00fcr anspruchsvolle professionelle Anwendungen","breadcrumb":{"@id":"https:\/\/www.otonohm.com\/de\/ueber-uns\/#breadcrumb"},"inLanguage":"de","potentialAction":[{"@type":"ReadAction","target":["https:\/\/www.otonohm.com\/de\/ueber-uns\/"]}]},{"@type":"ImageObject","inLanguage":"de","@id":"https:\/\/www.otonohm.com\/de\/ueber-uns\/#primaryimage","url":"https:\/\/www.otonohm.com\/wp-inside\/uploads\/sites\/2\/2026\/03\/23-1024x683.jpg","contentUrl":"https:\/\/www.otonohm.com\/wp-inside\/uploads\/sites\/2\/2026\/03\/23-1024x683.jpg"},{"@type":"BreadcrumbList","@id":"https:\/\/www.otonohm.com\/de\/ueber-uns\/#breadcrumb","itemListElement":[{"@type":"ListItem","position":1,"name":"Startseite","item":"https:\/\/www.otonohm.com\/de\/"},{"@type":"ListItem","position":2,"name":"\u00dcber uns"}]},{"@type":"WebSite","@id":"https:\/\/www.otonohm.com\/de\/#website","url":"https:\/\/www.otonohm.com\/de\/","name":"Otonohm by MovNtec","description":"Station d&#039;\u00e9nergie portative","publisher":{"@id":"https:\/\/www.otonohm.com\/de\/#organization"},"alternateName":"Otonohm","potentialAction":[{"@type":"SearchAction","target":{"@type":"EntryPoint","urlTemplate":"https:\/\/www.otonohm.com\/de\/?s={search_term_string}"},"query-input":{"@type":"PropertyValueSpecification","valueRequired":true,"valueName":"search_term_string"}}],"inLanguage":"de"},{"@type":"Organization","@id":"https:\/\/www.otonohm.com\/de\/#organization","name":"Otonohm by MovNtec","alternateName":"Otonohm","url":"https:\/\/www.otonohm.com\/de\/","logo":{"@type":"ImageObject","inLanguage":"de","@id":"https:\/\/www.otonohm.com\/de\/#\/schema\/logo\/image\/","url":"https:\/\/www.otonohm.com\/wp-inside\/uploads\/sites\/2\/2026\/03\/logo-entity-otonohm.png","contentUrl":"https:\/\/www.otonohm.com\/wp-inside\/uploads\/sites\/2\/2026\/03\/logo-entity-otonohm.png","width":696,"height":696,"caption":"Otonohm by MovNtec"},"image":{"@id":"https:\/\/www.otonohm.com\/de\/#\/schema\/logo\/image\/"},"sameAs":["https:\/\/www.linkedin.com\/company\/otonohm\/"]}]}},"_links":{"self":[{"href":"https:\/\/www.otonohm.com\/de\/wp-json\/wp\/v2\/pages\/445","targetHints":{"allow":["GET"]}}],"collection":[{"href":"https:\/\/www.otonohm.com\/de\/wp-json\/wp\/v2\/pages"}],"about":[{"href":"https:\/\/www.otonohm.com\/de\/wp-json\/wp\/v2\/types\/page"}],"author":[{"embeddable":true,"href":"https:\/\/www.otonohm.com\/de\/wp-json\/wp\/v2\/users\/3"}],"replies":[{"embeddable":true,"href":"https:\/\/www.otonohm.com\/de\/wp-json\/wp\/v2\/comments?post=445"}],"version-history":[{"count":10,"href":"https:\/\/www.otonohm.com\/de\/wp-json\/wp\/v2\/pages\/445\/revisions"}],"predecessor-version":[{"id":2090,"href":"https:\/\/www.otonohm.com\/de\/wp-json\/wp\/v2\/pages\/445\/revisions\/2090"}],"wp:attachment":[{"href":"https:\/\/www.otonohm.com\/de\/wp-json\/wp\/v2\/media?parent=445"}],"curies":[{"name":"wp","href":"https:\/\/api.w.org\/{rel}","templated":true}]}}